{"id":19,"date":"2025-06-28T07:40:34","date_gmt":"2025-06-28T04:40:34","guid":{"rendered":"https:\/\/medyatech.com.tr\/?page_id=19"},"modified":"2025-06-28T13:02:15","modified_gmt":"2025-06-28T10:02:15","slug":"contact","status":"publish","type":"page","link":"https:\/\/medyatech.com.tr\/index.php\/contact\/","title":{"rendered":"\u0130leti\u015fim"},"content":{"rendered":"\n<div class=\"wp-block-cover alignfull\" style=\"padding-right:0;padding-left:0;min-height:300px;aspect-ratio:unset;\"><span aria-hidden=\"true\" class=\"wp-block-cover__background has-nv-site-bg-background-color has-background-dim-100 has-background-dim\"><\/span><div class=\"wp-block-cover__inner-container is-layout-flow wp-block-cover-is-layout-flow\">\n<div class=\"wp-block-group\" style=\"padding-right:var(--wp--preset--spacing--30);padding-left:var(--wp--preset--spacing--30)\"><div class=\"wp-block-group__inner-container is-layout-flow wp-block-group-is-layout-flow\">\n<h1 class=\"wp-block-heading has-text-align-left has-neve-text-color-color has-text-color\">\u0130leti\u015fim<\/h1>\n<\/div><\/div>\n<\/div><\/div>\n\n\n\n<div class=\"wp-block-cover alignfull\" style=\"min-height:600px;aspect-ratio:unset;\"><span aria-hidden=\"true\" class=\"wp-block-cover__background has-nv-dark-bg-background-color has-background-dim-100 has-background-dim\"><\/span><div class=\"wp-block-cover__inner-container is-layout-flow wp-block-cover-is-layout-flow\">\n<div class=\"wp-block-group\"><div class=\"wp-block-group__inner-container is-layout-flow wp-block-group-is-layout-flow\">\n<div style=\"height:80px\" aria-hidden=\"true\" class=\"wp-block-spacer\"><\/div>\n\n\n\n<div class=\"wp-block-cover\" style=\"border-radius:24px\"><img loading=\"lazy\" decoding=\"async\" width=\"2560\" height=\"1709\" class=\"wp-block-cover__image-background wp-image-64 size-full\" alt=\"\" src=\"https:\/\/medyatech.com.tr\/wp-content\/uploads\/2025\/06\/digital-communication-technology-background-with-hand-touching-virtual-screen-digital-remix-1-scaled.jpg\" data-object-fit=\"cover\" srcset=\"https:\/\/medyatech.com.tr\/wp-content\/uploads\/2025\/06\/digital-communication-technology-background-with-hand-touching-virtual-screen-digital-remix-1-scaled.jpg 2560w, https:\/\/medyatech.com.tr\/wp-content\/uploads\/2025\/06\/digital-communication-technology-background-with-hand-touching-virtual-screen-digital-remix-1-300x200.jpg 300w, https:\/\/medyatech.com.tr\/wp-content\/uploads\/2025\/06\/digital-communication-technology-background-with-hand-touching-virtual-screen-digital-remix-1-1024x684.jpg 1024w, https:\/\/medyatech.com.tr\/wp-content\/uploads\/2025\/06\/digital-communication-technology-background-with-hand-touching-virtual-screen-digital-remix-1-768x513.jpg 768w, https:\/\/medyatech.com.tr\/wp-content\/uploads\/2025\/06\/digital-communication-technology-background-with-hand-touching-virtual-screen-digital-remix-1-1536x1025.jpg 1536w, https:\/\/medyatech.com.tr\/wp-content\/uploads\/2025\/06\/digital-communication-technology-background-with-hand-touching-virtual-screen-digital-remix-1-2048x1367.jpg 2048w, https:\/\/medyatech.com.tr\/wp-content\/uploads\/2025\/06\/digital-communication-technology-background-with-hand-touching-virtual-screen-digital-remix-1-930x620.jpg 930w\" sizes=\"auto, (max-width: 2560px) 100vw, 2560px\" \/><span aria-hidden=\"true\" class=\"wp-block-cover__background has-neve-link-color-background-color has-background-dim\"><\/span><div class=\"wp-block-cover__inner-container is-layout-constrained wp-block-cover-is-layout-constrained\">\n<p class=\"has-text-align-center has-large-font-size\"><\/p>\n<\/div><\/div>\n\n\n\n<div style=\"height:40px\" aria-hidden=\"true\" class=\"wp-block-spacer\"><\/div>\n\n\n\n<div class=\"wp-block-columns is-layout-flex wp-container-core-columns-is-layout-9d6595d7 wp-block-columns-is-layout-flex\">\n<div class=\"wp-block-column is-layout-flow wp-block-column-is-layout-flow\" style=\"padding-right:var(--wp--preset--spacing--30);padding-left:var(--wp--preset--spacing--30);flex-basis:50%\">\n<h2 class=\"wp-block-heading has-nv-text-dark-bg-color has-text-color\">Bizimle ileti\u015fime ge\u00e7in<\/h2>\n\n\n\n<p class=\"has-white-color has-text-color\">Detayl\u0131 bilgi i\u00e7in bizimle diledi\u011finiz zaman ileti\u015fime ge\u00e7ebilirsiniz. Size en k\u0131sa s\u00fcrede geri d\u00f6n\u00fc\u015f yapmaktan memnuniyet duyar\u0131z.<\/p>\n\n\n\n<div class=\"wp-block-buttons is-layout-flex wp-block-buttons-is-layout-flex\">\n<div class=\"wp-block-button is-style-primary\"><a class=\"wp-block-button__link wp-element-button\" href=\"info@medyatech.com.tr\" style=\"text-transform:lowercase\">info@medyatech.com.tr<\/a><\/div>\n<\/div>\n<\/div>\n\n\n\n<div style=\"height:40px;width:0px\" aria-hidden=\"true\" class=\"wp-block-spacer wp-container-content-28f0cd9b\"><\/div>\n<\/div>\n<\/div><\/div>\n<\/div><\/div>\n","protected":false},"excerpt":{"rendered":"","protected":false},"author":1,"featured_media":0,"parent":0,"menu_order":0,"comment_status":"closed","ping_status":"closed","template":"","meta":{"neve_meta_sidebar":"","neve_meta_container":"","neve_meta_enable_content_width":"on","neve_meta_content_width":100,"neve_meta_title_alignment":"","neve_meta_author_avatar":"","neve_post_elements_order":"","neve_meta_disable_header":"","neve_meta_disable_footer":"","neve_meta_disable_title":"on","footnotes":""},"class_list":["post-19","page","type-page","status-publish","hentry"],"_links":{"self":[{"href":"https:\/\/medyatech.com.tr\/index.php\/wp-json\/wp\/v2\/pages\/19","targetHints":{"allow":["GET"]}}],"collection":[{"href":"https:\/\/medyatech.com.tr\/index.php\/wp-json\/wp\/v2\/pages"}],"about":[{"href":"https:\/\/medyatech.com.tr\/index.php\/wp-json\/wp\/v2\/types\/page"}],"author":[{"embeddable":true,"href":"https:\/\/medyatech.com.tr\/index.php\/wp-json\/wp\/v2\/users\/1"}],"replies":[{"embeddable":true,"href":"https:\/\/medyatech.com.tr\/index.php\/wp-json\/wp\/v2\/comments?post=19"}],"version-history":[{"count":5,"href":"https:\/\/medyatech.com.tr\/index.php\/wp-json\/wp\/v2\/pages\/19\/revisions"}],"predecessor-version":[{"id":66,"href":"https:\/\/medyatech.com.tr\/index.php\/wp-json\/wp\/v2\/pages\/19\/revisions\/66"}],"wp:attachment":[{"href":"https:\/\/medyatech.com.tr\/index.php\/wp-json\/wp\/v2\/media?parent=19"}],"curies":[{"name":"wp","href":"https:\/\/api.w.org\/{rel}","templated":true}]}}