{"id":18,"date":"2025-06-28T07:40:34","date_gmt":"2025-06-28T04:40:34","guid":{"rendered":"https:\/\/medyatech.com.tr\/?page_id=18"},"modified":"2025-06-28T12:53:10","modified_gmt":"2025-06-28T09:53:10","slug":"hakkinda","status":"publish","type":"page","link":"https:\/\/medyatech.com.tr\/index.php\/hakkinda\/","title":{"rendered":"Hakk\u0131nda"},"content":{"rendered":"\n<div class=\"wp-block-cover alignfull\" style=\"min-height:320px;aspect-ratio:unset;\"><span aria-hidden=\"true\" class=\"wp-block-cover__background has-nv-site-bg-background-color has-background-dim-100 has-background-dim\"><\/span><div class=\"wp-block-cover__inner-container is-layout-flow wp-block-cover-is-layout-flow\">\n<div class=\"wp-block-group\" style=\"padding-right:var(--wp--preset--spacing--30);padding-left:var(--wp--preset--spacing--30)\"><div class=\"wp-block-group__inner-container is-layout-flow wp-block-group-is-layout-flow\">\n<h1 class=\"wp-block-heading has-text-align-left has-neve-text-color-color has-text-color\">MedyaTech<\/h1>\n<\/div><\/div>\n<\/div><\/div>\n\n\n\n<div class=\"wp-block-cover alignfull\" style=\"min-height:600px;aspect-ratio:unset;\"><span aria-hidden=\"true\" class=\"wp-block-cover__background has-nv-light-bg-background-color has-background-dim-100 has-background-dim\"><\/span><div class=\"wp-block-cover__inner-container is-layout-flow wp-block-cover-is-layout-flow\">\n<div class=\"wp-block-group\"><div class=\"wp-block-group__inner-container is-layout-flow wp-block-group-is-layout-flow\">\n<div style=\"height:80px\" aria-hidden=\"true\" class=\"wp-block-spacer\"><\/div>\n\n\n\n<div class=\"wp-block-columns are-vertically-aligned-center has-neve-text-color-color has-text-color is-layout-flex wp-container-core-columns-is-layout-9d6595d7 wp-block-columns-is-layout-flex\">\n<div class=\"wp-block-column is-vertically-aligned-center is-layout-flow wp-block-column-is-layout-flow\" style=\"padding-right:var(--wp--preset--spacing--30);padding-left:var(--wp--preset--spacing--30);flex-basis:50%\">\n<figure class=\"wp-block-image size-full has-custom-border\"><img decoding=\"async\" src=\"https:\/\/medyatech.com.tr\/wp-content\/themes\/neve\/assets\/img\/starter-content\/neve-marketing-agency-10.png\" alt=\"\" style=\"border-radius:16px\"\/><\/figure>\n<\/div>\n\n\n\n<div class=\"wp-block-column is-vertically-aligned-center is-layout-flow wp-block-column-is-layout-flow\" style=\"padding-top:0;padding-right:var(--wp--preset--spacing--30);padding-bottom:0;padding-left:var(--wp--preset--spacing--30);flex-basis:50%\">\n<h2 class=\"wp-block-heading has-neve-text-color-color has-text-color\"><br><strong>Dijital d\u00fcnyada fark yaratan ileti\u015fim ve e\u011fitim \u00e7\u00f6z\u00fcmleri sunuyoruz.<\/strong><\/h2>\n\n\n\n<p class=\"has-neve-text-color-color has-text-color\"><br>Medyatech, akademik uzmanl\u0131kla dijital yarat\u0131c\u0131l\u0131\u011f\u0131 bulu\u015fturan bir ileti\u015fim ve i\u00e7erik ajans\u0131d\u0131r. Kurumsal ileti\u015fimden sosyal medya y\u00f6netimine, grafik tasar\u0131mdan dijital fark\u0131ndal\u0131k e\u011fitimlerine kadar geni\u015f bir yelpazede hizmet veriyoruz. Alan\u0131nda deneyimli akademisyenlerden ve profesyonellerden olu\u015fan dinamik ekibimizle, hedef odakl\u0131, \u00f6l\u00e7\u00fclebilir ve yarat\u0131c\u0131 \u00e7\u00f6z\u00fcmler \u00fcretiyoruz.<\/p>\n\n\n\n<p class=\"has-neve-text-color-color has-text-color\"><br>Kuruldu\u011fumuz g\u00fcnden bu yana kurumlar\u0131n dijital kimliklerini g\u00fc\u00e7lendirmelerine, etkili ileti\u015fim stratejileri geli\u015ftirmelerine ve sorumlu dijital vatanda\u015fl\u0131k konusunda bilin\u00e7 kazanmalar\u0131na katk\u0131 sunuyoruz. E\u011fitici i\u00e7eriklerimiz ve uygulamal\u0131 at\u00f6lyelerimizle bireyleri ve ekipleri dijital d\u00fcnyaya haz\u0131rlarken, ayn\u0131 zamanda s\u00fcrd\u00fcr\u00fclebilir marka de\u011feri olu\u015fturmay\u0131 ama\u00e7l\u0131yoruz.<\/p>\n<\/div>\n<\/div>\n\n\n\n<div style=\"height:40px\" aria-hidden=\"true\" class=\"wp-block-spacer\"><\/div>\n<\/div><\/div>\n<\/div><\/div>\n\n\n\n<div class=\"wp-block-cover alignfull\" style=\"min-height:600px;aspect-ratio:unset;\"><span aria-hidden=\"true\" class=\"wp-block-cover__background has-nv-dark-bg-background-color has-background-dim-100 has-background-dim\"><\/span><div class=\"wp-block-cover__inner-container is-layout-flow wp-block-cover-is-layout-flow\">\n<div class=\"wp-block-group\"><div class=\"wp-block-group__inner-container is-layout-flow wp-block-group-is-layout-flow\">\n<div style=\"height:80px\" aria-hidden=\"true\" class=\"wp-block-spacer\"><\/div>\n\n\n\n<div class=\"wp-block-columns are-vertically-aligned-center is-layout-flex wp-container-core-columns-is-layout-9d6595d7 wp-block-columns-is-layout-flex\">\n<div class=\"wp-block-column is-vertically-aligned-center is-layout-flow wp-block-column-is-layout-flow\" style=\"padding-right:var(--wp--preset--spacing--30);padding-left:var(--wp--preset--spacing--30);flex-basis:50%\">\n<h2 class=\"wp-block-heading has-nv-text-dark-bg-color has-text-color\">De\u011ferlerimizle hareket ediyoruz<\/h2>\n\n\n\n<p class=\"has-nv-text-dark-bg-color has-text-color\"><br>Medyatech olarak vizyonumuz, ileti\u015fim teknolojilerinin sundu\u011fu olanaklar\u0131 toplumsal faydaya d\u00f6n\u00fc\u015ft\u00fcren bir yakla\u015f\u0131m geli\u015ftirmek. Bu do\u011frultuda, sadece hizmet sunan de\u011fil, ayn\u0131 zamanda rehberlik eden bir i\u015f orta\u011f\u0131 olarak yan\u0131n\u0131zda olmay\u0131 hedefliyoruz.<\/p>\n\n\n\n<div style=\"height:20px\" aria-hidden=\"true\" class=\"wp-block-spacer\"><\/div>\n\n\n\n<div class=\"wp-block-buttons has-custom-font-size has-small-font-size is-content-justification-left is-layout-flex wp-container-core-buttons-is-layout-fdcfc74e wp-block-buttons-is-layout-flex\">\n<div class=\"wp-block-button is-style-default\"><a class=\"wp-block-button__link has-nv-text-dark-bg-color has-neve-link-color-background-color has-text-color has-background has-link-color has-custom-font-size wp-element-button\" href=\"https:\/\/medyatech.com.tr\/contact\/\" style=\"font-size:16px\">Bize Ula\u015f\u0131n<\/a><\/div>\n<\/div>\n\n\n\n<div style=\"height:20px\" aria-hidden=\"true\" class=\"wp-block-spacer\"><\/div>\n<\/div>\n\n\n\n<div class=\"wp-block-column is-vertically-aligned-center is-layout-flow wp-block-column-is-layout-flow\" style=\"padding-right:var(--wp--preset--spacing--30);padding-left:var(--wp--preset--spacing--30);flex-basis:50%\">\n<figure class=\"wp-block-image size-full has-custom-border\"><img decoding=\"async\" src=\"https:\/\/medyatech.com.tr\/wp-content\/themes\/neve\/assets\/img\/starter-content\/neve-marketing-agency-16.png\" alt=\"\" style=\"border-radius:16px\"\/><\/figure>\n<\/div>\n<\/div>\n\n\n\n<div style=\"height:40px\" aria-hidden=\"true\" class=\"wp-block-spacer\"><\/div>\n<\/div><\/div>\n<\/div><\/div>\n","protected":false},"excerpt":{"rendered":"","protected":false},"author":1,"featured_media":0,"parent":0,"menu_order":0,"comment_status":"closed","ping_status":"closed","template":"","meta":{"neve_meta_sidebar":"","neve_meta_container":"","neve_meta_enable_content_width":"on","neve_meta_content_width":100,"neve_meta_title_alignment":"","neve_meta_author_avatar":"","neve_post_elements_order":"","neve_meta_disable_header":"","neve_meta_disable_footer":"","neve_meta_disable_title":"on","footnotes":""},"class_list":["post-18","page","type-page","status-publish","hentry"],"_links":{"self":[{"href":"https:\/\/medyatech.com.tr\/index.php\/wp-json\/wp\/v2\/pages\/18","targetHints":{"allow":["GET"]}}],"collection":[{"href":"https:\/\/medyatech.com.tr\/index.php\/wp-json\/wp\/v2\/pages"}],"about":[{"href":"https:\/\/medyatech.com.tr\/index.php\/wp-json\/wp\/v2\/types\/page"}],"author":[{"embeddable":true,"href":"https:\/\/medyatech.com.tr\/index.php\/wp-json\/wp\/v2\/users\/1"}],"replies":[{"embeddable":true,"href":"https:\/\/medyatech.com.tr\/index.php\/wp-json\/wp\/v2\/comments?post=18"}],"version-history":[{"count":2,"href":"https:\/\/medyatech.com.tr\/index.php\/wp-json\/wp\/v2\/pages\/18\/revisions"}],"predecessor-version":[{"id":58,"href":"https:\/\/medyatech.com.tr\/index.php\/wp-json\/wp\/v2\/pages\/18\/revisions\/58"}],"wp:attachment":[{"href":"https:\/\/medyatech.com.tr\/index.php\/wp-json\/wp\/v2\/media?parent=18"}],"curies":[{"name":"wp","href":"https:\/\/api.w.org\/{rel}","templated":true}]}}